{"id":1463,"date":"2023-07-15T16:52:48","date_gmt":"2023-07-15T16:52:48","guid":{"rendered":"https:\/\/techmoneyconsulting.com\/?page_id=1463"},"modified":"2025-08-18T17:40:14","modified_gmt":"2025-08-18T20:40:14","slug":"blog","status":"publish","type":"page","link":"https:\/\/techmoney.ai\/br\/blog\/","title":{"rendered":"Blog"},"content":{"rendered":"\t\t<div data-elementor-type=\"wp-page\" data-elementor-id=\"1463\" class=\"elementor elementor-1463\" data-elementor-post-type=\"page\">\n\t\t\t\t<div class=\"elementor-element elementor-element-a5df425 e-flex e-con-boxed e-con e-parent\" data-id=\"a5df425\" data-element_type=\"container\" data-settings=\"{&quot;background_background&quot;:&quot;classic&quot;,&quot;jet_parallax_layout_list&quot;:[]}\">\n\t\t\t\t\t<div class=\"e-con-inner\">\n\t\t\t\t<div class=\"elementor-element elementor-element-a60f2f4 gradiente elementor-widget elementor-widget-heading\" data-id=\"a60f2f4\" data-element_type=\"widget\" data-widget_type=\"heading.default\">\n\t\t\t\t<div class=\"elementor-widget-container\">\n\t\t\t\t\t<h2 class=\"elementor-heading-title elementor-size-default\">BLOG<\/h2>\t\t\t\t<\/div>\n\t\t\t\t<\/div>\n\t\t\t\t\t<\/div>\n\t\t\t\t<\/div>\n\t\t<div class=\"elementor-element elementor-element-0147002 e-flex e-con-boxed e-con e-parent\" data-id=\"0147002\" data-element_type=\"container\" data-settings=\"{&quot;jet_parallax_layout_list&quot;:[]}\">\n\t\t\t\t\t<div class=\"e-con-inner\">\n\t\t\t\t<div class=\"elementor-element elementor-element-8ce99ee elementor-grid-3 elementor-grid-tablet-2 elementor-grid-mobile-1 elementor-posts--thumbnail-top elementor-widget elementor-widget-posts\" data-id=\"8ce99ee\" data-element_type=\"widget\" data-settings=\"{&quot;classic_columns&quot;:&quot;3&quot;,&quot;classic_columns_tablet&quot;:&quot;2&quot;,&quot;classic_columns_mobile&quot;:&quot;1&quot;,&quot;classic_row_gap&quot;:{&quot;unit&quot;:&quot;px&quot;,&quot;size&quot;:35,&quot;sizes&quot;:[]},&quot;classic_row_gap_tablet&quot;:{&quot;unit&quot;:&quot;px&quot;,&quot;size&quot;:&quot;&quot;,&quot;sizes&quot;:[]},&quot;classic_row_gap_mobile&quot;:{&quot;unit&quot;:&quot;px&quot;,&quot;size&quot;:&quot;&quot;,&quot;sizes&quot;:[]}}\" data-widget_type=\"posts.classic\">\n\t\t\t\t<div class=\"elementor-widget-container\">\n\t\t\t\t\t\t\t<div class=\"elementor-posts-container elementor-posts elementor-posts--skin-classic elementor-grid\">\n\t\t\t\t<article class=\"elementor-post elementor-grid-item post-2236 post type-post status-publish format-standard has-post-thumbnail hentry category-blog\">\n\t\t\t\t<a class=\"elementor-post__thumbnail__link\" href=\"https:\/\/techmoney.ai\/br\/mentoria-inteligente-a-revolucao-da-ia-no-desenvolvimento-de-lideres\/\" tabindex=\"-1\" >\n\t\t\t<div class=\"elementor-post__thumbnail\"><img fetchpriority=\"high\" decoding=\"async\" width=\"300\" height=\"169\" src=\"https:\/\/techmoney.ai\/wp-content\/uploads\/2025\/08\/mentoria-300x169.webp\" class=\"attachment-medium size-medium wp-image-2237\" alt=\"\" srcset=\"https:\/\/techmoney.ai\/wp-content\/uploads\/2025\/08\/mentoria-300x169.webp 300w, https:\/\/techmoney.ai\/wp-content\/uploads\/2025\/08\/mentoria-1024x576.webp 1024w, https:\/\/techmoney.ai\/wp-content\/uploads\/2025\/08\/mentoria-768x432.webp 768w, https:\/\/techmoney.ai\/wp-content\/uploads\/2025\/08\/mentoria-1536x864.webp 1536w, https:\/\/techmoney.ai\/wp-content\/uploads\/2025\/08\/mentoria-18x10.webp 18w, https:\/\/techmoney.ai\/wp-content\/uploads\/2025\/08\/mentoria.webp 1600w\" sizes=\"(max-width: 300px) 100vw, 300px\" \/><\/div>\n\t\t<\/a>\n\t\t\t\t<div class=\"elementor-post__text\">\n\t\t\t\t<h3 class=\"elementor-post__title\">\n\t\t\t<a href=\"https:\/\/techmoney.ai\/br\/mentoria-inteligente-a-revolucao-da-ia-no-desenvolvimento-de-lideres\/\" >\n\t\t\t\tMentoria Inteligente: Como a IA Est\u00e1 Transformando o Desenvolvimento de L\u00edderes\t\t\t<\/a>\n\t\t<\/h3>\n\t\t\t\t<div class=\"elementor-post__excerpt\">\n\t\t\t<p>O cen\u00e1rio corporativo contempor\u00e2neo exige l\u00edderes mais preparados para lidar com os desafios do trabalho h\u00edbrido, a reten\u00e7\u00e3o de talentos, o aumento do burnout e<\/p>\n\t\t<\/div>\n\t\t\n\t\t<a class=\"elementor-post__read-more\" href=\"https:\/\/techmoney.ai\/br\/mentoria-inteligente-a-revolucao-da-ia-no-desenvolvimento-de-lideres\/\" aria-label=\"Read more about Mentoria Inteligente: Como a IA Est\u00e1 Transformando o Desenvolvimento de L\u00edderes\" tabindex=\"-1\" >\n\t\t\tRead More \u00bb\t\t<\/a>\n\n\t\t\t\t<\/div>\n\t\t\t\t<\/article>\n\t\t\t\t<article class=\"elementor-post elementor-grid-item post-2231 post type-post status-publish format-standard has-post-thumbnail hentry category-blog\">\n\t\t\t\t<a class=\"elementor-post__thumbnail__link\" href=\"https:\/\/techmoney.ai\/br\/estamos-nos-tornando-intelectualmente-sedentarios\/\" tabindex=\"-1\" >\n\t\t\t<div class=\"elementor-post__thumbnail\"><img decoding=\"async\" width=\"300\" height=\"169\" src=\"https:\/\/techmoney.ai\/wp-content\/uploads\/2025\/07\/Estamos-nos-tornando-intelectualmente-sedentarios--300x169.png\" class=\"attachment-medium size-medium wp-image-2232\" alt=\"\" srcset=\"https:\/\/techmoney.ai\/wp-content\/uploads\/2025\/07\/Estamos-nos-tornando-intelectualmente-sedentarios--300x169.png 300w, https:\/\/techmoney.ai\/wp-content\/uploads\/2025\/07\/Estamos-nos-tornando-intelectualmente-sedentarios--1024x576.png 1024w, https:\/\/techmoney.ai\/wp-content\/uploads\/2025\/07\/Estamos-nos-tornando-intelectualmente-sedentarios--768x432.png 768w, https:\/\/techmoney.ai\/wp-content\/uploads\/2025\/07\/Estamos-nos-tornando-intelectualmente-sedentarios--1536x864.png 1536w, https:\/\/techmoney.ai\/wp-content\/uploads\/2025\/07\/Estamos-nos-tornando-intelectualmente-sedentarios--18x10.png 18w, https:\/\/techmoney.ai\/wp-content\/uploads\/2025\/07\/Estamos-nos-tornando-intelectualmente-sedentarios-.png 1920w\" sizes=\"(max-width: 300px) 100vw, 300px\" \/><\/div>\n\t\t<\/a>\n\t\t\t\t<div class=\"elementor-post__text\">\n\t\t\t\t<h3 class=\"elementor-post__title\">\n\t\t\t<a href=\"https:\/\/techmoney.ai\/br\/estamos-nos-tornando-intelectualmente-sedentarios\/\" >\n\t\t\t\tEstamos nos tornando intelectualmente sedent\u00e1rios?\t\t\t<\/a>\n\t\t<\/h3>\n\t\t\t\t<div class=\"elementor-post__excerpt\">\n\t\t\t<p>Da Revolu\u00e7\u00e3o Industrial \u00e0 Revolu\u00e7\u00e3o da Intelig\u00eancia Artificial: O Desafio de Manter Corpo e Mente em Forma Desde o in\u00edcio da evolu\u00e7\u00e3o do Homo sapiens<\/p>\n\t\t<\/div>\n\t\t\n\t\t<a class=\"elementor-post__read-more\" href=\"https:\/\/techmoney.ai\/br\/estamos-nos-tornando-intelectualmente-sedentarios\/\" aria-label=\"Read more about Estamos nos tornando intelectualmente sedent\u00e1rios?\" tabindex=\"-1\" >\n\t\t\tRead More \u00bb\t\t<\/a>\n\n\t\t\t\t<\/div>\n\t\t\t\t<\/article>\n\t\t\t\t<article class=\"elementor-post elementor-grid-item post-2224 post type-post status-publish format-standard has-post-thumbnail hentry category-blog\">\n\t\t\t\t<a class=\"elementor-post__thumbnail__link\" href=\"https:\/\/techmoney.ai\/br\/treinar-o-cerebro-e-urgente-como-evitar-que-a-mente-atrofie-na-era-da-inteligencia-artificial\/\" tabindex=\"-1\" >\n\t\t\t<div class=\"elementor-post__thumbnail\"><img decoding=\"async\" width=\"300\" height=\"169\" src=\"https:\/\/techmoney.ai\/wp-content\/uploads\/2025\/07\/brain-card-300x169.png\" class=\"attachment-medium size-medium wp-image-2226\" alt=\"\" srcset=\"https:\/\/techmoney.ai\/wp-content\/uploads\/2025\/07\/brain-card-300x169.png 300w, https:\/\/techmoney.ai\/wp-content\/uploads\/2025\/07\/brain-card-1024x576.png 1024w, https:\/\/techmoney.ai\/wp-content\/uploads\/2025\/07\/brain-card-768x432.png 768w, https:\/\/techmoney.ai\/wp-content\/uploads\/2025\/07\/brain-card-1536x864.png 1536w, https:\/\/techmoney.ai\/wp-content\/uploads\/2025\/07\/brain-card-18x10.png 18w, https:\/\/techmoney.ai\/wp-content\/uploads\/2025\/07\/brain-card.png 1920w\" sizes=\"(max-width: 300px) 100vw, 300px\" \/><\/div>\n\t\t<\/a>\n\t\t\t\t<div class=\"elementor-post__text\">\n\t\t\t\t<h3 class=\"elementor-post__title\">\n\t\t\t<a href=\"https:\/\/techmoney.ai\/br\/treinar-o-cerebro-e-urgente-como-evitar-que-a-mente-atrofie-na-era-da-inteligencia-artificial\/\" >\n\t\t\t\tTreinar o c\u00e9rebro \u00e9 urgente: como evitar que a mente atrofie na era da intelig\u00eancia artificial\t\t\t<\/a>\n\t\t<\/h3>\n\t\t\t\t<div class=\"elementor-post__excerpt\">\n\t\t\t<p>Nos \u00faltimos anos, venho trabalhando para tornar o uso da tecnologia mais simples e acess\u00edvel para PMEs \u2014 e, nesse processo de transformar neg\u00f3cios com<\/p>\n\t\t<\/div>\n\t\t\n\t\t<a class=\"elementor-post__read-more\" href=\"https:\/\/techmoney.ai\/br\/treinar-o-cerebro-e-urgente-como-evitar-que-a-mente-atrofie-na-era-da-inteligencia-artificial\/\" aria-label=\"Read more about Treinar o c\u00e9rebro \u00e9 urgente: como evitar que a mente atrofie na era da intelig\u00eancia artificial\" tabindex=\"-1\" >\n\t\t\tRead More \u00bb\t\t<\/a>\n\n\t\t\t\t<\/div>\n\t\t\t\t<\/article>\n\t\t\t\t<article class=\"elementor-post elementor-grid-item post-2145 post type-post status-publish format-standard has-post-thumbnail hentry category-blog tag-desenvolvimento-web tag-integracao-de-sistemas tag-seguranca-online tag-websites-responsivos\">\n\t\t\t\t<a class=\"elementor-post__thumbnail__link\" href=\"https:\/\/techmoney.ai\/br\/desenvolvimento-web-profissional-seguro-intuitivo\/\" tabindex=\"-1\" >\n\t\t\t<div class=\"elementor-post__thumbnail\"><img loading=\"lazy\" decoding=\"async\" width=\"300\" height=\"300\" src=\"https:\/\/techmoney.ai\/wp-content\/uploads\/2024\/09\/website-300x300.png\" class=\"attachment-medium size-medium wp-image-2146\" alt=\"\" srcset=\"https:\/\/techmoney.ai\/wp-content\/uploads\/2024\/09\/website-300x300.png 300w, https:\/\/techmoney.ai\/wp-content\/uploads\/2024\/09\/website-1024x1024.png 1024w, https:\/\/techmoney.ai\/wp-content\/uploads\/2024\/09\/website-150x150.png 150w, https:\/\/techmoney.ai\/wp-content\/uploads\/2024\/09\/website-768x768.png 768w, https:\/\/techmoney.ai\/wp-content\/uploads\/2024\/09\/website-12x12.png 12w, https:\/\/techmoney.ai\/wp-content\/uploads\/2024\/09\/website.png 1080w\" sizes=\"(max-width: 300px) 100vw, 300px\" \/><\/div>\n\t\t<\/a>\n\t\t\t\t<div class=\"elementor-post__text\">\n\t\t\t\t<h3 class=\"elementor-post__title\">\n\t\t\t<a href=\"https:\/\/techmoney.ai\/br\/desenvolvimento-web-profissional-seguro-intuitivo\/\" >\n\t\t\t\tAumente Sua Presen\u00e7a Online com Desenvolvimento de um Website Profissional\t\t\t<\/a>\n\t\t<\/h3>\n\t\t\t\t<div class=\"elementor-post__excerpt\">\n\t\t\t<p>Antes de mais nada, compreender a import\u00e2ncia de uma presen\u00e7a online robusta \u00e9 crucial para o sucesso de qualquer neg\u00f3cio. A Techmoney.ai se destaca em<\/p>\n\t\t<\/div>\n\t\t\n\t\t<a class=\"elementor-post__read-more\" href=\"https:\/\/techmoney.ai\/br\/desenvolvimento-web-profissional-seguro-intuitivo\/\" aria-label=\"Read more about Aumente Sua Presen\u00e7a Online com Desenvolvimento de um Website Profissional\" tabindex=\"-1\" >\n\t\t\tRead More \u00bb\t\t<\/a>\n\n\t\t\t\t<\/div>\n\t\t\t\t<\/article>\n\t\t\t\t<article class=\"elementor-post elementor-grid-item post-2142 post type-post status-publish format-standard has-post-thumbnail hentry category-blog tag-aplicativofinanceiro tag-desenvolvimentoweb tag-gestaodeinvestimentos tag-implementacaoerp tag-inovacaofinanceira tag-transformacaodigital\">\n\t\t\t\t<a class=\"elementor-post__thumbnail__link\" href=\"https:\/\/techmoney.ai\/br\/transformacao-digital-gestao-investimentos-caso-de-sucesso\/\" tabindex=\"-1\" >\n\t\t\t<div class=\"elementor-post__thumbnail\"><img loading=\"lazy\" decoding=\"async\" width=\"300\" height=\"169\" src=\"https:\/\/techmoney.ai\/wp-content\/uploads\/2024\/08\/case-copacabana-300x169.png\" class=\"attachment-medium size-medium wp-image-2143\" alt=\"\" srcset=\"https:\/\/techmoney.ai\/wp-content\/uploads\/2024\/08\/case-copacabana-300x169.png 300w, https:\/\/techmoney.ai\/wp-content\/uploads\/2024\/08\/case-copacabana-1024x576.png 1024w, https:\/\/techmoney.ai\/wp-content\/uploads\/2024\/08\/case-copacabana-768x432.png 768w, https:\/\/techmoney.ai\/wp-content\/uploads\/2024\/08\/case-copacabana-1536x864.png 1536w, https:\/\/techmoney.ai\/wp-content\/uploads\/2024\/08\/case-copacabana-18x10.png 18w, https:\/\/techmoney.ai\/wp-content\/uploads\/2024\/08\/case-copacabana.png 1920w\" sizes=\"(max-width: 300px) 100vw, 300px\" \/><\/div>\n\t\t<\/a>\n\t\t\t\t<div class=\"elementor-post__text\">\n\t\t\t\t<h3 class=\"elementor-post__title\">\n\t\t\t<a href=\"https:\/\/techmoney.ai\/br\/transformacao-digital-gestao-investimentos-caso-de-sucesso\/\" >\n\t\t\t\tTransforma\u00e7\u00e3o Digital na Gest\u00e3o de Investimentos: Um Caso de Sucesso\t\t\t<\/a>\n\t\t<\/h3>\n\t\t\t\t<div class=\"elementor-post__excerpt\">\n\t\t\t<p>Atualmente, a transforma\u00e7\u00e3o digital tornou-se uma necessidade essencial para empresas que buscam se destacar e prosperar no mercado competitivo. Antes de mais nada, adotar solu\u00e7\u00f5es<\/p>\n\t\t<\/div>\n\t\t\n\t\t<a class=\"elementor-post__read-more\" href=\"https:\/\/techmoney.ai\/br\/transformacao-digital-gestao-investimentos-caso-de-sucesso\/\" aria-label=\"Read more about Transforma\u00e7\u00e3o Digital na Gest\u00e3o de Investimentos: Um Caso de Sucesso\" tabindex=\"-1\" >\n\t\t\tRead More \u00bb\t\t<\/a>\n\n\t\t\t\t<\/div>\n\t\t\t\t<\/article>\n\t\t\t\t<article class=\"elementor-post elementor-grid-item post-2137 post type-post status-publish format-standard has-post-thumbnail hentry category-blog tag-aplicativos tag-desenvolvimento-de-software tag-estrategias-de-desenvolvimento tag-high-code tag-inovacao-tecnologica tag-low-code tag-mobile tag-web-application tag-webapp\">\n\t\t\t\t<a class=\"elementor-post__thumbnail__link\" href=\"https:\/\/techmoney.ai\/br\/low-code-vs-high-code-melhor-abordagem\/\" tabindex=\"-1\" >\n\t\t\t<div class=\"elementor-post__thumbnail\"><img loading=\"lazy\" decoding=\"async\" width=\"300\" height=\"169\" src=\"https:\/\/techmoney.ai\/wp-content\/uploads\/2024\/07\/low-high-code-300x169.png\" class=\"attachment-medium size-medium wp-image-2135\" alt=\"\" srcset=\"https:\/\/techmoney.ai\/wp-content\/uploads\/2024\/07\/low-high-code-300x169.png 300w, https:\/\/techmoney.ai\/wp-content\/uploads\/2024\/07\/low-high-code-1024x576.png 1024w, https:\/\/techmoney.ai\/wp-content\/uploads\/2024\/07\/low-high-code-768x432.png 768w, https:\/\/techmoney.ai\/wp-content\/uploads\/2024\/07\/low-high-code-1536x864.png 1536w, https:\/\/techmoney.ai\/wp-content\/uploads\/2024\/07\/low-high-code-18x10.png 18w, https:\/\/techmoney.ai\/wp-content\/uploads\/2024\/07\/low-high-code.png 1920w\" sizes=\"(max-width: 300px) 100vw, 300px\" \/><\/div>\n\t\t<\/a>\n\t\t\t\t<div class=\"elementor-post__text\">\n\t\t\t\t<h3 class=\"elementor-post__title\">\n\t\t\t<a href=\"https:\/\/techmoney.ai\/br\/low-code-vs-high-code-melhor-abordagem\/\" >\n\t\t\t\tComparando Low-code com High-code e Desvendando as Estrat\u00e9gias para Desenvolvimento de Aplicativos\t\t\t<\/a>\n\t\t<\/h3>\n\t\t\t\t<div class=\"elementor-post__excerpt\">\n\t\t\t<p>No mundo din\u00e2mico do desenvolvimento de software duas abordagens distintas se destacam: Low-code e High-code. Cada uma oferece vantagens e desvantagens, tornando a escolha ideal<\/p>\n\t\t<\/div>\n\t\t\n\t\t<a class=\"elementor-post__read-more\" href=\"https:\/\/techmoney.ai\/br\/low-code-vs-high-code-melhor-abordagem\/\" aria-label=\"Read more about Comparando Low-code com High-code e Desvendando as Estrat\u00e9gias para Desenvolvimento de Aplicativos\" tabindex=\"-1\" >\n\t\t\tRead More \u00bb\t\t<\/a>\n\n\t\t\t\t<\/div>\n\t\t\t\t<\/article>\n\t\t\t\t<\/div>\n\t\t\n\t\t\t\t\t\t<\/div>\n\t\t\t\t<\/div>\n\t\t\t\t\t<\/div>\n\t\t\t\t<\/div>\n\t\t\t\t<\/div>\n\t\t","protected":false},"excerpt":{"rendered":"<p>BLOG<\/p>\n","protected":false},"author":4,"featured_media":0,"parent":0,"menu_order":0,"comment_status":"closed","ping_status":"closed","template":"","meta":{"footnotes":""},"class_list":["post-1463","page","type-page","status-publish","hentry"],"yoast_head":"<!-- This site is optimized with the Yoast SEO Premium plugin v23.0 (Yoast SEO v23.0) - https:\/\/yoast.com\/wordpress\/plugins\/seo\/ -->\n<title>Blog - techmoney.ai<\/title>\n<meta name=\"robots\" content=\"index, follow, max-snippet:-1, max-image-preview:large, max-video-preview:-1\" \/>\n<link rel=\"canonical\" href=\"https:\/\/techmoney.ai\/br\/blog\/\" \/>\n<meta property=\"og:locale\" content=\"pt_BR\" \/>\n<meta property=\"og:type\" content=\"article\" \/>\n<meta property=\"og:title\" content=\"Blog\" \/>\n<meta property=\"og:description\" content=\"BLOG\" \/>\n<meta property=\"og:url\" content=\"https:\/\/techmoney.ai\/br\/blog\/\" \/>\n<meta property=\"og:site_name\" content=\"techmoney.ai\" \/>\n<meta property=\"article:modified_time\" content=\"2025-08-18T20:40:14+00:00\" \/>\n<meta name=\"twitter:card\" content=\"summary_large_image\" \/>\n<meta name=\"twitter:label1\" content=\"Est. tempo de leitura\" \/>\n\t<meta name=\"twitter:data1\" content=\"5 minutos\" \/>\n<script type=\"application\/ld+json\" class=\"yoast-schema-graph\">{\"@context\":\"https:\/\/schema.org\",\"@graph\":[{\"@type\":\"WebPage\",\"@id\":\"https:\/\/techmoney.ai\/br\/blog\/\",\"url\":\"https:\/\/techmoney.ai\/br\/blog\/\",\"name\":\"Blog - techmoney.ai\",\"isPartOf\":{\"@id\":\"https:\/\/techmoney.ai\/br\/#website\"},\"datePublished\":\"2023-07-15T16:52:48+00:00\",\"dateModified\":\"2025-08-18T20:40:14+00:00\",\"breadcrumb\":{\"@id\":\"https:\/\/techmoney.ai\/br\/blog\/#breadcrumb\"},\"inLanguage\":\"pt-BR\",\"potentialAction\":[{\"@type\":\"ReadAction\",\"target\":[\"https:\/\/techmoney.ai\/br\/blog\/\"]}]},{\"@type\":\"BreadcrumbList\",\"@id\":\"https:\/\/techmoney.ai\/br\/blog\/#breadcrumb\",\"itemListElement\":[{\"@type\":\"ListItem\",\"position\":1,\"name\":\"Home\",\"item\":\"https:\/\/techmoney.ai\/\"},{\"@type\":\"ListItem\",\"position\":2,\"name\":\"Blog\"}]},{\"@type\":\"WebSite\",\"@id\":\"https:\/\/techmoney.ai\/br\/#website\",\"url\":\"https:\/\/techmoney.ai\/br\/\",\"name\":\"techmoney.ai\",\"description\":\"Artificial Intelligence | Digital Transformation | Mobile &amp; Cloud Solutions | Omnichannel\",\"publisher\":{\"@id\":\"https:\/\/techmoney.ai\/br\/#organization\"},\"potentialAction\":[{\"@type\":\"SearchAction\",\"target\":{\"@type\":\"EntryPoint\",\"urlTemplate\":\"https:\/\/techmoney.ai\/br\/?s={search_term_string}\"},\"query-input\":\"required name=search_term_string\"}],\"inLanguage\":\"pt-BR\"},{\"@type\":\"Organization\",\"@id\":\"https:\/\/techmoney.ai\/br\/#organization\",\"name\":\"techmoney.ai\",\"url\":\"https:\/\/techmoney.ai\/br\/\",\"logo\":{\"@type\":\"ImageObject\",\"inLanguage\":\"pt-BR\",\"@id\":\"https:\/\/techmoney.ai\/br\/#\/schema\/logo\/image\/\",\"url\":\"https:\/\/techmoney.ai\/wp-content\/uploads\/2023\/06\/techmoney-logo.png\",\"contentUrl\":\"https:\/\/techmoney.ai\/wp-content\/uploads\/2023\/06\/techmoney-logo.png\",\"width\":1137,\"height\":314,\"caption\":\"techmoney.ai\"},\"image\":{\"@id\":\"https:\/\/techmoney.ai\/br\/#\/schema\/logo\/image\/\"}}]}<\/script>\n<!-- \/ Yoast SEO Premium plugin. -->","yoast_head_json":{"title":"Blog - techmoney.ai","robots":{"index":"index","follow":"follow","max-snippet":"max-snippet:-1","max-image-preview":"max-image-preview:large","max-video-preview":"max-video-preview:-1"},"canonical":"https:\/\/techmoney.ai\/br\/blog\/","og_locale":"pt_BR","og_type":"article","og_title":"Blog","og_description":"BLOG","og_url":"https:\/\/techmoney.ai\/br\/blog\/","og_site_name":"techmoney.ai","article_modified_time":"2025-08-18T20:40:14+00:00","twitter_card":"summary_large_image","twitter_misc":{"Est. tempo de leitura":"5 minutos"},"schema":{"@context":"https:\/\/schema.org","@graph":[{"@type":"WebPage","@id":"https:\/\/techmoney.ai\/br\/blog\/","url":"https:\/\/techmoney.ai\/br\/blog\/","name":"Blog - techmoney.ai","isPartOf":{"@id":"https:\/\/techmoney.ai\/br\/#website"},"datePublished":"2023-07-15T16:52:48+00:00","dateModified":"2025-08-18T20:40:14+00:00","breadcrumb":{"@id":"https:\/\/techmoney.ai\/br\/blog\/#breadcrumb"},"inLanguage":"pt-BR","potentialAction":[{"@type":"ReadAction","target":["https:\/\/techmoney.ai\/br\/blog\/"]}]},{"@type":"BreadcrumbList","@id":"https:\/\/techmoney.ai\/br\/blog\/#breadcrumb","itemListElement":[{"@type":"ListItem","position":1,"name":"Home","item":"https:\/\/techmoney.ai\/"},{"@type":"ListItem","position":2,"name":"Blog"}]},{"@type":"WebSite","@id":"https:\/\/techmoney.ai\/br\/#website","url":"https:\/\/techmoney.ai\/br\/","name":"techmoney.ai","description":"Artificial Intelligence | Digital Transformation | Mobile &amp; Cloud Solutions | Omnichannel","publisher":{"@id":"https:\/\/techmoney.ai\/br\/#organization"},"potentialAction":[{"@type":"SearchAction","target":{"@type":"EntryPoint","urlTemplate":"https:\/\/techmoney.ai\/br\/?s={search_term_string}"},"query-input":"required name=search_term_string"}],"inLanguage":"pt-BR"},{"@type":"Organization","@id":"https:\/\/techmoney.ai\/br\/#organization","name":"techmoney.ai","url":"https:\/\/techmoney.ai\/br\/","logo":{"@type":"ImageObject","inLanguage":"pt-BR","@id":"https:\/\/techmoney.ai\/br\/#\/schema\/logo\/image\/","url":"https:\/\/techmoney.ai\/wp-content\/uploads\/2023\/06\/techmoney-logo.png","contentUrl":"https:\/\/techmoney.ai\/wp-content\/uploads\/2023\/06\/techmoney-logo.png","width":1137,"height":314,"caption":"techmoney.ai"},"image":{"@id":"https:\/\/techmoney.ai\/br\/#\/schema\/logo\/image\/"}}]}},"_links":{"self":[{"href":"https:\/\/techmoney.ai\/br\/wp-json\/wp\/v2\/pages\/1463","targetHints":{"allow":["GET"]}}],"collection":[{"href":"https:\/\/techmoney.ai\/br\/wp-json\/wp\/v2\/pages"}],"about":[{"href":"https:\/\/techmoney.ai\/br\/wp-json\/wp\/v2\/types\/page"}],"author":[{"embeddable":true,"href":"https:\/\/techmoney.ai\/br\/wp-json\/wp\/v2\/users\/4"}],"replies":[{"embeddable":true,"href":"https:\/\/techmoney.ai\/br\/wp-json\/wp\/v2\/comments?post=1463"}],"version-history":[{"count":28,"href":"https:\/\/techmoney.ai\/br\/wp-json\/wp\/v2\/pages\/1463\/revisions"}],"predecessor-version":[{"id":2267,"href":"https:\/\/techmoney.ai\/br\/wp-json\/wp\/v2\/pages\/1463\/revisions\/2267"}],"wp:attachment":[{"href":"https:\/\/techmoney.ai\/br\/wp-json\/wp\/v2\/media?parent=1463"}],"curies":[{"name":"wp","href":"https:\/\/api.w.org\/{rel}","templated":true}]}}