{"id":1270,"date":"2023-06-28T11:56:08","date_gmt":"2023-06-28T11:56:08","guid":{"rendered":"https:\/\/techmoneyconsulting.com\/?page_id=1270"},"modified":"2025-10-28T16:28:55","modified_gmt":"2025-10-28T19:28:55","slug":"contact","status":"publish","type":"page","link":"https:\/\/techmoney.ai\/en\/contact\/","title":{"rendered":"Contact"},"content":{"rendered":"<div data-elementor-type=\"wp-page\" data-elementor-id=\"1270\" class=\"elementor elementor-1270\" data-elementor-post-type=\"page\">\n\t\t\t\t<div class=\"elementor-element elementor-element-07606eb e-flex e-con-boxed e-con e-parent\" data-id=\"07606eb\" data-element_type=\"container\" data-settings=\"{&quot;background_background&quot;:&quot;classic&quot;,&quot;jet_parallax_layout_list&quot;:[]}\">\n\t\t\t\t\t<div class=\"e-con-inner\">\n\t\t<div class=\"elementor-element elementor-element-404fce4 e-con-full e-flex e-con e-child\" data-id=\"404fce4\" data-element_type=\"container\" data-settings=\"{&quot;jet_parallax_layout_list&quot;:[]}\">\n\t\t\t\t<div class=\"elementor-element elementor-element-ea917f5 elementor-widget elementor-widget-heading\" data-id=\"ea917f5\" data-element_type=\"widget\" data-widget_type=\"heading.default\">\n\t\t\t\t<div class=\"elementor-widget-container\">\n\t\t\t\t\t<h2 class=\"elementor-heading-title elementor-size-default\">Entre em  contato<\/h2>\t\t\t\t<\/div>\n\t\t\t\t<\/div>\n\t\t\t\t<\/div>\n\t\t<div class=\"elementor-element elementor-element-bf2f222 e-con-full e-flex e-con e-child\" data-id=\"bf2f222\" data-element_type=\"container\" data-settings=\"{&quot;jet_parallax_layout_list&quot;:[]}\">\n\t\t\t\t<div class=\"elementor-element elementor-element-816ca52 elementor-view-framed elementor-shape-circle elementor-position-top elementor-mobile-position-top elementor-widget elementor-widget-icon-box\" data-id=\"816ca52\" data-element_type=\"widget\" data-widget_type=\"icon-box.default\">\n\t\t\t\t<div class=\"elementor-widget-container\">\n\t\t\t\t\t\t\t<div class=\"elementor-icon-box-wrapper\">\n\n\t\t\t\t\t\t<div class=\"elementor-icon-box-icon\">\n\t\t\t\t<span  class=\"elementor-icon\">\n\t\t\t\t<i aria-hidden=\"true\" class=\"fas fa-phone-alt\"><\/i>\t\t\t\t<\/span>\n\t\t\t<\/div>\n\t\t\t\n\t\t\t\t\t\t<div class=\"elementor-icon-box-content\">\n\n\t\t\t\t\t\t\t\t\t<h3 class=\"elementor-icon-box-title\">\n\t\t\t\t\t\t<span  >\n\t\t\t\t\t\t\t+55 11 99432-9360\t\t\t\t\t\t<\/span>\n\t\t\t\t\t<\/h3>\n\t\t\t\t\n\t\t\t\t\t\t\t\t\t<p class=\"elementor-icon-box-description\">\n\t\t\t\t\t\tWhatsapp\t\t\t\t\t<\/p>\n\t\t\t\t\n\t\t\t<\/div>\n\t\t\t\n\t\t<\/div>\n\t\t\t\t\t\t<\/div>\n\t\t\t\t<\/div>\n\t\t\t\t<div class=\"elementor-element elementor-element-2a291b7 elementor-view-framed elementor-shape-circle elementor-position-top elementor-mobile-position-top elementor-widget elementor-widget-icon-box\" data-id=\"2a291b7\" data-element_type=\"widget\" data-widget_type=\"icon-box.default\">\n\t\t\t\t<div class=\"elementor-widget-container\">\n\t\t\t\t\t\t\t<div class=\"elementor-icon-box-wrapper\">\n\n\t\t\t\t\t\t<div class=\"elementor-icon-box-icon\">\n\t\t\t\t<a href=\"http:\/\/falecom@techmoney.ai\" target=\"_blank\" class=\"elementor-icon\" tabindex=\"-1\" aria-label=\"falecom@techmoney.ai\">\n\t\t\t\t<i aria-hidden=\"true\" class=\"far fa-envelope-open\"><\/i>\t\t\t\t<\/a>\n\t\t\t<\/div>\n\t\t\t\n\t\t\t\t\t\t<div class=\"elementor-icon-box-content\">\n\n\t\t\t\t\t\t\t\t\t<h3 class=\"elementor-icon-box-title\">\n\t\t\t\t\t\t<a href=\"http:\/\/falecom@techmoney.ai\" target=\"_blank\" >\n\t\t\t\t\t\t\tfalecom@techmoney.ai\t\t\t\t\t\t<\/a>\n\t\t\t\t\t<\/h3>\n\t\t\t\t\n\t\t\t\t\t\t\t\t\t<p class=\"elementor-icon-box-description\">\n\t\t\t\t\t\tEmail\t\t\t\t\t<\/p>\n\t\t\t\t\n\t\t\t<\/div>\n\t\t\t\n\t\t<\/div>\n\t\t\t\t\t\t<\/div>\n\t\t\t\t<\/div>\n\t\t\t\t<\/div>\n\t\t\t\t\t<\/div>\n\t\t\t\t<\/div>\n\t\t<div class=\"elementor-element elementor-element-ee36165 e-flex e-con-boxed e-con e-parent\" data-id=\"ee36165\" data-element_type=\"container\" data-settings=\"{&quot;background_background&quot;:&quot;classic&quot;,&quot;jet_parallax_layout_list&quot;:[]}\">\n\t\t\t\t\t<div class=\"e-con-inner\">\n\t\t<div class=\"elementor-element elementor-element-cf3ba37 e-flex e-con-boxed e-con e-child\" data-id=\"cf3ba37\" data-element_type=\"container\" data-settings=\"{&quot;jet_parallax_layout_list&quot;:[]}\">\n\t\t\t\t\t<div class=\"e-con-inner\">\n\t\t<div class=\"elementor-element elementor-element-5c3010d e-flex e-con-boxed e-con e-child\" data-id=\"5c3010d\" data-element_type=\"container\" data-settings=\"{&quot;jet_parallax_layout_list&quot;:[]}\">\n\t\t\t\t\t<div class=\"e-con-inner\">\n\t\t<div class=\"elementor-element elementor-element-e8d6f4a efeito-vidro e-flex e-con-boxed e-con e-child\" data-id=\"e8d6f4a\" data-element_type=\"container\" data-settings=\"{&quot;background_background&quot;:&quot;classic&quot;,&quot;jet_parallax_layout_list&quot;:[]}\">\n\t\t\t\t\t<div class=\"e-con-inner\">\n\t\t\t\t<div class=\"elementor-element elementor-element-04d8c6e elementor-position-left elementor-vertical-align-middle elementor-widget elementor-widget-image-box\" data-id=\"04d8c6e\" data-element_type=\"widget\" data-widget_type=\"image-box.default\">\n\t\t\t\t<div class=\"elementor-widget-container\">\n\t\t\t\t\t<div class=\"elementor-image-box-wrapper\"><figure class=\"elementor-image-box-img\"><img fetchpriority=\"high\" decoding=\"async\" width=\"4096\" height=\"4096\" src=\"https:\/\/techmoney.ai\/wp-content\/uploads\/2023\/06\/pin-techmoney-blue.png\" class=\"attachment-full size-full wp-image-1347\" alt=\"\" srcset=\"https:\/\/techmoney.ai\/wp-content\/uploads\/2023\/06\/pin-techmoney-blue.png 4096w, https:\/\/techmoney.ai\/wp-content\/uploads\/2023\/06\/pin-techmoney-blue-300x300.png 300w, https:\/\/techmoney.ai\/wp-content\/uploads\/2023\/06\/pin-techmoney-blue-1024x1024.png 1024w, https:\/\/techmoney.ai\/wp-content\/uploads\/2023\/06\/pin-techmoney-blue-150x150.png 150w, https:\/\/techmoney.ai\/wp-content\/uploads\/2023\/06\/pin-techmoney-blue-768x768.png 768w, https:\/\/techmoney.ai\/wp-content\/uploads\/2023\/06\/pin-techmoney-blue-1536x1536.png 1536w, https:\/\/techmoney.ai\/wp-content\/uploads\/2023\/06\/pin-techmoney-blue-2048x2048.png 2048w\" sizes=\"(max-width: 4096px) 100vw, 4096px\" \/><\/figure><div class=\"elementor-image-box-content\"><h3 class=\"elementor-image-box-title\">Address<\/h3><p class=\"elementor-image-box-description\">Pra\u00e7a Alpha de Centauro, 54 \u2013 sl 212<br \/>\n\nSantana de Parna\u00edba \u2013 SP<br \/>\n06541-075<br \/>\nCel (11) 99432-9360 \/ Tel (27) 3022-4904\n<\/p><\/div><\/div>\t\t\t\t<\/div>\n\t\t\t\t<\/div>\n\t\t\t\t\t<\/div>\n\t\t\t\t<\/div>\n\t\t\t\t\t<\/div>\n\t\t\t\t<\/div>\n\t\t<div class=\"elementor-element elementor-element-7fc7f0f e-flex e-con-boxed e-con e-child\" data-id=\"7fc7f0f\" data-element_type=\"container\" data-settings=\"{&quot;background_background&quot;:&quot;classic&quot;,&quot;jet_parallax_layout_list&quot;:[]}\">\n\t\t\t\t\t<div class=\"e-con-inner\">\n\t\t\t\t<div class=\"elementor-element elementor-element-981bc7a elementor-widget elementor-widget-heading\" data-id=\"981bc7a\" data-element_type=\"widget\" data-widget_type=\"heading.default\">\n\t\t\t\t<div class=\"elementor-widget-container\">\n\t\t\t\t\t<h2 class=\"elementor-heading-title elementor-size-default\">Send us a message<\/h2>\t\t\t\t<\/div>\n\t\t\t\t<\/div>\n\t\t\t\t<div class=\"elementor-element elementor-element-a5ccd20 elementor-widget elementor-widget-text-editor\" data-id=\"a5ccd20\" data-element_type=\"widget\" data-widget_type=\"text-editor.default\">\n\t\t\t\t<div class=\"elementor-widget-container\">\n\t\t\t\t\t\t\t\t\t<p><b>Have questions about our services? Let us know.<\/b><\/p>\t\t\t\t\t\t\t\t<\/div>\n\t\t\t\t<\/div>\n\t\t\t\t<div class=\"elementor-element elementor-element-e482065 elementor-button-align-stretch elementor-widget elementor-widget-form\" data-id=\"e482065\" data-element_type=\"widget\" data-settings=\"{&quot;step_next_label&quot;:&quot;Next&quot;,&quot;step_previous_label&quot;:&quot;Previous&quot;,&quot;button_width&quot;:&quot;100&quot;,&quot;step_type&quot;:&quot;number_text&quot;,&quot;step_icon_shape&quot;:&quot;circle&quot;}\" data-widget_type=\"form.default\">\n\t\t\t\t<div class=\"elementor-widget-container\">\n\t\t\t\t\t\t\t<form class=\"elementor-form\" method=\"post\" name=\"New Form\" action=\"\">\n\t\t\t<input type=\"hidden\" name=\"post_id\" value=\"1270\"\/>\n\t\t\t<input type=\"hidden\" name=\"form_id\" value=\"e482065\"\/>\n\t\t\t<input type=\"hidden\" name=\"referer_title\" value=\"Contact - techmoney.ai\" \/>\n\n\t\t\t\t\t\t\t<input type=\"hidden\" name=\"queried_id\" value=\"1270\"\/>\n\t\t\t\n\t\t\t<div class=\"elementor-form-fields-wrapper elementor-labels-above\">\n\t\t\t\t\t\t\t\t<div class=\"elementor-field-type-text elementor-field-group elementor-column elementor-field-group-name elementor-col-100\">\n\t\t\t\t\t\t\t\t\t\t\t\t<label for=\"form-field-name\" class=\"elementor-field-label\">\n\t\t\t\t\t\t\t\tName\t\t\t\t\t\t\t<\/label>\n\t\t\t\t\t\t\t\t\t\t\t\t\t\t<input size=\"1\" type=\"text\" name=\"form_fields[name]\" id=\"form-field-name\" class=\"elementor-field elementor-size-sm  elementor-field-textual\" placeholder=\"Digite seu nome...\">\n\t\t\t\t\t\t\t\t\t\t\t<\/div>\n\t\t\t\t\t\t\t\t<div class=\"elementor-field-type-email elementor-field-group elementor-column elementor-field-group-email elementor-col-100 elementor-field-required\">\n\t\t\t\t\t\t\t\t\t\t\t\t<label for=\"form-field-email\" class=\"elementor-field-label\">\n\t\t\t\t\t\t\t\tEmail\t\t\t\t\t\t\t<\/label>\n\t\t\t\t\t\t\t\t\t\t\t\t\t\t<input size=\"1\" type=\"email\" name=\"form_fields[email]\" id=\"form-field-email\" class=\"elementor-field elementor-size-sm  elementor-field-textual\" placeholder=\"Your preferred e-mail\" required=\"required\">\n\t\t\t\t\t\t\t\t\t\t\t<\/div>\n\t\t\t\t\t\t\t\t<div class=\"elementor-field-type-tel elementor-field-group elementor-column elementor-field-group-field_3943c4a elementor-col-100 elementor-field-required\">\n\t\t\t\t\t\t\t\t\t\t\t\t<label for=\"form-field-field_3943c4a\" class=\"elementor-field-label\">\n\t\t\t\t\t\t\t\tTelefone\t\t\t\t\t\t\t<\/label>\n\t\t\t\t\t\t\t\t<input size=\"1\" type=\"tel\" name=\"form_fields[field_3943c4a]\" id=\"form-field-field_3943c4a\" class=\"elementor-field elementor-size-sm  elementor-field-textual\" placeholder=\"(00) 0 0000-0000\" required=\"required\" pattern=\"[0-9()#&amp;+*-=.]+\" title=\"Only numbers and phone characters (#, -, *, etc) are accepted.\" data-no-translation-title=\"\">\n\n\t\t\t\t\t\t<\/div>\n\t\t\t\t\t\t\t\t<div class=\"elementor-field-type-textarea elementor-field-group elementor-column elementor-field-group-message elementor-col-100\">\n\t\t\t\t\t\t\t\t\t\t\t\t<label for=\"form-field-message\" class=\"elementor-field-label\">\n\t\t\t\t\t\t\t\tMessagem\t\t\t\t\t\t\t<\/label>\n\t\t\t\t\t\t<textarea class=\"elementor-field-textual elementor-field  elementor-size-sm\" name=\"form_fields[message]\" id=\"form-field-message\" rows=\"4\" placeholder=\"Messagem\"><\/textarea>\t\t\t\t<\/div>\n\t\t\t\t\t\t\t\t<div class=\"elementor-field-type-recaptcha_v3 elementor-field-group elementor-column elementor-field-group-field_19d37fb elementor-col-100 recaptcha_v3-bottomright\">\n\t\t\t\t\t<div class=\"elementor-field\" id=\"form-field-field_19d37fb\"><div class=\"elementor-g-recaptcha\" data-sitekey=\"6LcEYforAAAAAHBnmWuJKRJT1uZNvd2gZ25L-ue2\" data-type=\"v3\" data-action=\"Form\" data-badge=\"bottomright\" data-size=\"invisible\"><\/div><\/div>\t\t\t\t<\/div>\n\t\t\t\t\t\t\t\t<div class=\"elementor-field-group elementor-column elementor-field-type-submit elementor-col-100 e-form__buttons\">\n\t\t\t\t\t<button class=\"elementor-button elementor-size-sm\" type=\"submit\">\n\t\t\t\t\t\t<span class=\"elementor-button-content-wrapper\">\n\t\t\t\t\t\t\t\t\t\t\t\t\t\t\t\t\t\t\t\t\t\t<span class=\"elementor-button-text\">Send<\/span>\n\t\t\t\t\t\t\t\t\t\t\t\t\t<\/span>\n\t\t\t\t\t<\/button>\n\t\t\t\t<\/div>\n\t\t\t<\/div>\n\t\t<input type=\"hidden\" name=\"trp-form-language\" value=\"en\"\/><\/form>\n\t\t\t\t\t\t<\/div>\n\t\t\t\t<\/div>\n\t\t\t\t\t<\/div>\n\t\t\t\t<\/div>\n\t\t\t\t\t<\/div>\n\t\t\t\t<\/div>\n\t\t\t\t\t<\/div>\n\t\t\t\t<\/div>\n\t\t<div class=\"elementor-element elementor-element-4f25fbd e-flex e-con-boxed e-con e-parent\" data-id=\"4f25fbd\" data-element_type=\"container\" data-settings=\"{&quot;background_background&quot;:&quot;classic&quot;,&quot;jet_parallax_layout_list&quot;:[]}\">\n\t\t\t\t\t<div class=\"e-con-inner\">\n\t\t<div class=\"elementor-element elementor-element-b927ac8 e-flex e-con-boxed e-con e-child\" data-id=\"b927ac8\" data-element_type=\"container\" data-settings=\"{&quot;jet_parallax_layout_list&quot;:[]}\">\n\t\t\t\t\t<div class=\"e-con-inner\">\n\t\t\t\t<div class=\"elementor-element elementor-element-4ea9ef2 elementor-widget elementor-widget-heading\" data-id=\"4ea9ef2\" data-element_type=\"widget\" data-widget_type=\"heading.default\">\n\t\t\t\t<div class=\"elementor-widget-container\">\n\t\t\t\t\t<h2 class=\"elementor-heading-title elementor-size-default\">IT Solutions?<\/h2>\t\t\t\t<\/div>\n\t\t\t\t<\/div>\n\t\t<div class=\"elementor-element elementor-element-c648ff0 e-flex e-con-boxed e-con e-child\" data-id=\"c648ff0\" data-element_type=\"container\" data-settings=\"{&quot;jet_parallax_layout_list&quot;:[]}\">\n\t\t\t\t\t<div class=\"e-con-inner\">\n\t\t\t\t<div class=\"elementor-element elementor-element-e63060d elementor-widget elementor-widget-heading\" data-id=\"e63060d\" data-element_type=\"widget\" data-widget_type=\"heading.default\">\n\t\t\t\t<div class=\"elementor-widget-container\">\n\t\t\t\t\t<h2 class=\"elementor-heading-title elementor-size-default\">Let's Get<\/h2>\t\t\t\t<\/div>\n\t\t\t\t<\/div>\n\t\t\t\t<div class=\"elementor-element elementor-element-1d58a47 elementor-widget elementor-widget-heading\" data-id=\"1d58a47\" data-element_type=\"widget\" data-widget_type=\"heading.default\">\n\t\t\t\t<div class=\"elementor-widget-container\">\n\t\t\t\t\t<h2 class=\"elementor-heading-title elementor-size-default\">to Them!<\/h2>\t\t\t\t<\/div>\n\t\t\t\t<\/div>\n\t\t\t\t\t<\/div>\n\t\t\t\t<\/div>\n\t\t\t\t\t<\/div>\n\t\t\t\t<\/div>\n\t\t\t\t<div class=\"elementor-element elementor-element-24a8f7b elementor-align-center elementor-widget elementor-widget-button\" data-id=\"24a8f7b\" data-element_type=\"widget\" data-widget_type=\"button.default\">\n\t\t\t\t<div class=\"elementor-widget-container\">\n\t\t\t\t\t\t\t\t\t<div class=\"elementor-button-wrapper\">\n\t\t\t\t\t<a class=\"elementor-button elementor-button-link elementor-size-sm\" href=\"\/contact\/\">\n\t\t\t\t\t\t<span class=\"elementor-button-content-wrapper\">\n\t\t\t\t\t\t<span class=\"elementor-button-icon\">\n\t\t\t\t<i aria-hidden=\"true\" class=\"fas fa-arrow-right\"><\/i>\t\t\t<\/span>\n\t\t\t\t\t\t\t\t\t<span class=\"elementor-button-text\">Explore<\/span>\n\t\t\t\t\t<\/span>\n\t\t\t\t\t<\/a>\n\t\t\t\t<\/div>\n\t\t\t\t\t\t\t\t<\/div>\n\t\t\t\t<\/div>\n\t\t\t\t\t<\/div>\n\t\t\t\t<\/div>\n\t\t\t\t<\/div>","protected":false},"excerpt":{"rendered":"<p>Entre em contato +55 11 99432-9360 Whatsapp falecom@techmoney.ai Email Endere\u00e7o Pra\u00e7a Alpha de Centauro, 54 \u2013 sl 212 Santana de Parna\u00edba \u2013 SP 06541-075 Cel (11) 99432-9360 \/ Tel (27) 3022-4904 Envie uma mensagem Tem alguma d\u00favida sobre nossos servi\u00e7os? Envie sua mensagem. Solu\u00e7\u00f5es em TI? Vamos juntos Explorar<\/p>","protected":false},"author":4,"featured_media":0,"parent":0,"menu_order":0,"comment_status":"closed","ping_status":"closed","template":"","meta":{"footnotes":""},"class_list":["post-1270","page","type-page","status-publish","hentry"],"yoast_head":"<!-- This site is optimized with the Yoast SEO Premium plugin v23.0 (Yoast SEO v23.0) - https:\/\/yoast.com\/wordpress\/plugins\/seo\/ -->\n<title>Contact - techmoney.ai<\/title>\n<meta name=\"robots\" content=\"index, follow, max-snippet:-1, max-image-preview:large, max-video-preview:-1\" \/>\n<link rel=\"canonical\" href=\"https:\/\/techmoney.ai\/en\/contact\/\" \/>\n<meta property=\"og:locale\" content=\"en_US\" \/>\n<meta property=\"og:type\" content=\"article\" \/>\n<meta property=\"og:title\" content=\"Contact\" \/>\n<meta property=\"og:description\" content=\"Entre em contato +55 11 99432-9360 Whatsapp falecom@techmoney.ai Email Endere\u00e7o Pra\u00e7a Alpha de Centauro, 54 \u2013 sl 212 Santana de Parna\u00edba \u2013 SP 06541-075 Cel (11) 99432-9360 \/ Tel (27) 3022-4904 Envie uma mensagem Tem alguma d\u00favida sobre nossos servi\u00e7os? Envie sua mensagem. Solu\u00e7\u00f5es em TI? Vamos juntos Explorar\" \/>\n<meta property=\"og:url\" content=\"https:\/\/techmoney.ai\/en\/contact\/\" \/>\n<meta property=\"og:site_name\" content=\"techmoney.ai\" \/>\n<meta property=\"article:modified_time\" content=\"2025-10-28T19:28:55+00:00\" \/>\n<meta property=\"og:image\" content=\"https:\/\/techmoney.ai\/wp-content\/uploads\/2023\/06\/pin-techmoney-blue.png\" \/>\n<meta name=\"twitter:card\" content=\"summary_large_image\" \/>\n<meta name=\"twitter:label1\" content=\"Est. reading time\" \/>\n\t<meta name=\"twitter:data1\" content=\"1 minute\" \/>\n<script type=\"application\/ld+json\" class=\"yoast-schema-graph\">{\"@context\":\"https:\/\/schema.org\",\"@graph\":[{\"@type\":\"WebPage\",\"@id\":\"https:\/\/techmoney.ai\/contact\/\",\"url\":\"https:\/\/techmoney.ai\/contact\/\",\"name\":\"Contact - techmoney.ai\",\"isPartOf\":{\"@id\":\"https:\/\/techmoney.ai\/br\/#website\"},\"primaryImageOfPage\":{\"@id\":\"https:\/\/techmoney.ai\/contact\/#primaryimage\"},\"image\":{\"@id\":\"https:\/\/techmoney.ai\/contact\/#primaryimage\"},\"thumbnailUrl\":\"https:\/\/techmoney.ai\/wp-content\/uploads\/2023\/06\/pin-techmoney-blue.png\",\"datePublished\":\"2023-06-28T11:56:08+00:00\",\"dateModified\":\"2025-10-28T19:28:55+00:00\",\"breadcrumb\":{\"@id\":\"https:\/\/techmoney.ai\/contact\/#breadcrumb\"},\"inLanguage\":\"en-US\",\"potentialAction\":[{\"@type\":\"ReadAction\",\"target\":[\"https:\/\/techmoney.ai\/contact\/\"]}]},{\"@type\":\"ImageObject\",\"inLanguage\":\"en-US\",\"@id\":\"https:\/\/techmoney.ai\/contact\/#primaryimage\",\"url\":\"https:\/\/techmoney.ai\/wp-content\/uploads\/2023\/06\/pin-techmoney-blue.png\",\"contentUrl\":\"https:\/\/techmoney.ai\/wp-content\/uploads\/2023\/06\/pin-techmoney-blue.png\"},{\"@type\":\"BreadcrumbList\",\"@id\":\"https:\/\/techmoney.ai\/contact\/#breadcrumb\",\"itemListElement\":[{\"@type\":\"ListItem\",\"position\":1,\"name\":\"Home\",\"item\":\"https:\/\/techmoney.ai\/\"},{\"@type\":\"ListItem\",\"position\":2,\"name\":\"Contact\"}]},{\"@type\":\"WebSite\",\"@id\":\"https:\/\/techmoney.ai\/br\/#website\",\"url\":\"https:\/\/techmoney.ai\/br\/\",\"name\":\"techmoney.ai\",\"description\":\"Artificial Intelligence | Digital Transformation | Mobile &amp; Cloud Solutions | Omnichannel\",\"publisher\":{\"@id\":\"https:\/\/techmoney.ai\/br\/#organization\"},\"potentialAction\":[{\"@type\":\"SearchAction\",\"target\":{\"@type\":\"EntryPoint\",\"urlTemplate\":\"https:\/\/techmoney.ai\/br\/?s={search_term_string}\"},\"query-input\":\"required name=search_term_string\"}],\"inLanguage\":\"en-US\"},{\"@type\":\"Organization\",\"@id\":\"https:\/\/techmoney.ai\/br\/#organization\",\"name\":\"techmoney.ai\",\"url\":\"https:\/\/techmoney.ai\/br\/\",\"logo\":{\"@type\":\"ImageObject\",\"inLanguage\":\"en-US\",\"@id\":\"https:\/\/techmoney.ai\/br\/#\/schema\/logo\/image\/\",\"url\":\"https:\/\/techmoney.ai\/wp-content\/uploads\/2023\/06\/techmoney-logo.png\",\"contentUrl\":\"https:\/\/techmoney.ai\/wp-content\/uploads\/2023\/06\/techmoney-logo.png\",\"width\":1137,\"height\":314,\"caption\":\"techmoney.ai\"},\"image\":{\"@id\":\"https:\/\/techmoney.ai\/br\/#\/schema\/logo\/image\/\"}}]}<\/script>\n<!-- \/ Yoast SEO Premium plugin. -->","yoast_head_json":{"title":"Contact - techmoney.ai","robots":{"index":"index","follow":"follow","max-snippet":"max-snippet:-1","max-image-preview":"max-image-preview:large","max-video-preview":"max-video-preview:-1"},"canonical":"https:\/\/techmoney.ai\/en\/contact\/","og_locale":"en_US","og_type":"article","og_title":"Contact","og_description":"Entre em contato +55 11 99432-9360 Whatsapp falecom@techmoney.ai Email Endere\u00e7o Pra\u00e7a Alpha de Centauro, 54 \u2013 sl 212 Santana de Parna\u00edba \u2013 SP 06541-075 Cel (11) 99432-9360 \/ Tel (27) 3022-4904 Envie uma mensagem Tem alguma d\u00favida sobre nossos servi\u00e7os? Envie sua mensagem. Solu\u00e7\u00f5es em TI? Vamos juntos Explorar","og_url":"https:\/\/techmoney.ai\/en\/contact\/","og_site_name":"techmoney.ai","article_modified_time":"2025-10-28T19:28:55+00:00","og_image":[{"url":"https:\/\/techmoney.ai\/wp-content\/uploads\/2023\/06\/pin-techmoney-blue.png"}],"twitter_card":"summary_large_image","twitter_misc":{"Est. reading time":"1 minute"},"schema":{"@context":"https:\/\/schema.org","@graph":[{"@type":"WebPage","@id":"https:\/\/techmoney.ai\/contact\/","url":"https:\/\/techmoney.ai\/contact\/","name":"Contact - techmoney.ai","isPartOf":{"@id":"https:\/\/techmoney.ai\/br\/#website"},"primaryImageOfPage":{"@id":"https:\/\/techmoney.ai\/contact\/#primaryimage"},"image":{"@id":"https:\/\/techmoney.ai\/contact\/#primaryimage"},"thumbnailUrl":"https:\/\/techmoney.ai\/wp-content\/uploads\/2023\/06\/pin-techmoney-blue.png","datePublished":"2023-06-28T11:56:08+00:00","dateModified":"2025-10-28T19:28:55+00:00","breadcrumb":{"@id":"https:\/\/techmoney.ai\/contact\/#breadcrumb"},"inLanguage":"en-US","potentialAction":[{"@type":"ReadAction","target":["https:\/\/techmoney.ai\/contact\/"]}]},{"@type":"ImageObject","inLanguage":"en-US","@id":"https:\/\/techmoney.ai\/contact\/#primaryimage","url":"https:\/\/techmoney.ai\/wp-content\/uploads\/2023\/06\/pin-techmoney-blue.png","contentUrl":"https:\/\/techmoney.ai\/wp-content\/uploads\/2023\/06\/pin-techmoney-blue.png"},{"@type":"BreadcrumbList","@id":"https:\/\/techmoney.ai\/contact\/#breadcrumb","itemListElement":[{"@type":"ListItem","position":1,"name":"Home","item":"https:\/\/techmoney.ai\/"},{"@type":"ListItem","position":2,"name":"Contact"}]},{"@type":"WebSite","@id":"https:\/\/techmoney.ai\/br\/#website","url":"https:\/\/techmoney.ai\/br\/","name":"techmoney.ai","description":"Artificial Intelligence | Digital Transformation | Mobile &amp; Cloud Solutions | Omnichannel","publisher":{"@id":"https:\/\/techmoney.ai\/br\/#organization"},"potentialAction":[{"@type":"SearchAction","target":{"@type":"EntryPoint","urlTemplate":"https:\/\/techmoney.ai\/br\/?s={search_term_string}"},"query-input":"required name=search_term_string"}],"inLanguage":"en-US"},{"@type":"Organization","@id":"https:\/\/techmoney.ai\/br\/#organization","name":"techmoney.ai","url":"https:\/\/techmoney.ai\/br\/","logo":{"@type":"ImageObject","inLanguage":"en-US","@id":"https:\/\/techmoney.ai\/br\/#\/schema\/logo\/image\/","url":"https:\/\/techmoney.ai\/wp-content\/uploads\/2023\/06\/techmoney-logo.png","contentUrl":"https:\/\/techmoney.ai\/wp-content\/uploads\/2023\/06\/techmoney-logo.png","width":1137,"height":314,"caption":"techmoney.ai"},"image":{"@id":"https:\/\/techmoney.ai\/br\/#\/schema\/logo\/image\/"}}]}},"_links":{"self":[{"href":"https:\/\/techmoney.ai\/en\/wp-json\/wp\/v2\/pages\/1270","targetHints":{"allow":["GET"]}}],"collection":[{"href":"https:\/\/techmoney.ai\/en\/wp-json\/wp\/v2\/pages"}],"about":[{"href":"https:\/\/techmoney.ai\/en\/wp-json\/wp\/v2\/types\/page"}],"author":[{"embeddable":true,"href":"https:\/\/techmoney.ai\/en\/wp-json\/wp\/v2\/users\/4"}],"replies":[{"embeddable":true,"href":"https:\/\/techmoney.ai\/en\/wp-json\/wp\/v2\/comments?post=1270"}],"version-history":[{"count":112,"href":"https:\/\/techmoney.ai\/en\/wp-json\/wp\/v2\/pages\/1270\/revisions"}],"predecessor-version":[{"id":2372,"href":"https:\/\/techmoney.ai\/en\/wp-json\/wp\/v2\/pages\/1270\/revisions\/2372"}],"wp:attachment":[{"href":"https:\/\/techmoney.ai\/en\/wp-json\/wp\/v2\/media?parent=1270"}],"curies":[{"name":"wp","href":"https:\/\/api.w.org\/{rel}","templated":true}]}}