{"id":2322,"date":"2025-08-19T07:08:59","date_gmt":"2025-08-19T10:08:59","guid":{"rendered":"https:\/\/techmoney.ai\/?page_id=2322"},"modified":"2025-08-19T07:09:58","modified_gmt":"2025-08-19T10:09:58","slug":"cases","status":"publish","type":"page","link":"https:\/\/techmoney.ai\/en\/cases\/","title":{"rendered":"Cases"},"content":{"rendered":"<div data-elementor-type=\"wp-page\" data-elementor-id=\"2322\" class=\"elementor elementor-2322\" data-elementor-post-type=\"page\">\n\t\t\t\t<div class=\"elementor-element elementor-element-820a287 e-flex e-con-boxed e-con e-parent\" data-id=\"820a287\" data-element_type=\"container\" data-settings=\"{&quot;background_background&quot;:&quot;classic&quot;,&quot;jet_parallax_layout_list&quot;:[]}\">\n\t\t\t\t\t<div class=\"e-con-inner\">\n\t\t\t\t<div class=\"elementor-element elementor-element-33e9b35 gradiente elementor-widget elementor-widget-heading\" data-id=\"33e9b35\" data-element_type=\"widget\" data-widget_type=\"heading.default\">\n\t\t\t\t<div class=\"elementor-widget-container\">\n\t\t\t\t\t<h2 class=\"elementor-heading-title elementor-size-default\">CASES<\/h2>\t\t\t\t<\/div>\n\t\t\t\t<\/div>\n\t\t\t\t\t<\/div>\n\t\t\t\t<\/div>\n\t\t<div class=\"elementor-element elementor-element-7e14d98 e-flex e-con-boxed e-con e-parent\" data-id=\"7e14d98\" data-element_type=\"container\" data-settings=\"{&quot;jet_parallax_layout_list&quot;:[]}\">\n\t\t\t\t\t<div class=\"e-con-inner\">\n\t\t\t\t<div class=\"elementor-element elementor-element-b70b659 elementor-grid-3 elementor-grid-tablet-2 elementor-grid-mobile-1 elementor-posts--thumbnail-top elementor-widget elementor-widget-posts\" data-id=\"b70b659\" data-element_type=\"widget\" data-settings=\"{&quot;classic_columns&quot;:&quot;3&quot;,&quot;classic_columns_tablet&quot;:&quot;2&quot;,&quot;classic_columns_mobile&quot;:&quot;1&quot;,&quot;classic_row_gap&quot;:{&quot;unit&quot;:&quot;px&quot;,&quot;size&quot;:35,&quot;sizes&quot;:[]},&quot;classic_row_gap_tablet&quot;:{&quot;unit&quot;:&quot;px&quot;,&quot;size&quot;:&quot;&quot;,&quot;sizes&quot;:[]},&quot;classic_row_gap_mobile&quot;:{&quot;unit&quot;:&quot;px&quot;,&quot;size&quot;:&quot;&quot;,&quot;sizes&quot;:[]}}\" data-widget_type=\"posts.classic\">\n\t\t\t\t<div class=\"elementor-widget-container\">\n\t\t\t\t\t\t\t<div class=\"elementor-posts-container elementor-posts elementor-posts--skin-classic elementor-grid\">\n\t\t\t\t<article class=\"elementor-post elementor-grid-item post-2416 post type-post status-publish format-standard has-post-thumbnail hentry category-cases\">\n\t\t\t\t<a class=\"elementor-post__thumbnail__link\" href=\"https:\/\/techmoney.ai\/en\/regentrys\/\" tabindex=\"-1\" >\n\t\t\t<div class=\"elementor-post__thumbnail\"><img fetchpriority=\"high\" decoding=\"async\" width=\"1920\" height=\"1080\" src=\"https:\/\/techmoney.ai\/wp-content\/uploads\/2024\/08\/case-copacabana.png\" class=\"attachment-full size-full wp-image-2143\" alt=\"\" srcset=\"https:\/\/techmoney.ai\/wp-content\/uploads\/2024\/08\/case-copacabana.png 1920w, https:\/\/techmoney.ai\/wp-content\/uploads\/2024\/08\/case-copacabana-300x169.png 300w, https:\/\/techmoney.ai\/wp-content\/uploads\/2024\/08\/case-copacabana-1024x576.png 1024w, https:\/\/techmoney.ai\/wp-content\/uploads\/2024\/08\/case-copacabana-768x432.png 768w, https:\/\/techmoney.ai\/wp-content\/uploads\/2024\/08\/case-copacabana-1536x864.png 1536w, https:\/\/techmoney.ai\/wp-content\/uploads\/2024\/08\/case-copacabana-18x10.png 18w\" sizes=\"(max-width: 1920px) 100vw, 1920px\" \/><\/div>\n\t\t<\/a>\n\t\t\t\t<div class=\"elementor-post__text\">\n\t\t\t\t<h3 class=\"elementor-post__title\">\n\t\t\t<a href=\"https:\/\/techmoney.ai\/en\/regentrys\/\" >\n\t\t\t\tRegentrys\t\t\t<\/a>\n\t\t<\/h3>\n\t\t\t\t<div class=\"elementor-post__excerpt\">\n\t\t\t<p>Cases de sucesso Lorem ipsum dolor sit amet, consectetur adipiscing elit. Aenean velit odio, aliquam sit amet erat eu, commodo posuere ipsum. Morbi quis ante<\/p>\n\t\t<\/div>\n\t\t\n\t\t<a class=\"elementor-post__read-more\" href=\"https:\/\/techmoney.ai\/en\/regentrys\/\" aria-label=\"Read more about Regentrys\" tabindex=\"-1\" >\n\t\t\tLeia mais \u00bb\t\t<\/a>\n\n\t\t\t\t<\/div>\n\t\t\t\t<\/article>\n\t\t\t\t<article class=\"elementor-post elementor-grid-item post-2312 post type-post status-publish format-standard has-post-thumbnail hentry category-cases\">\n\t\t\t\t<a class=\"elementor-post__thumbnail__link\" href=\"https:\/\/techmoney.ai\/en\/mentoria-inteligente-a-revolucao-da-ia-no-desenvolvimento-de-lideres-2\/\" tabindex=\"-1\" >\n\t\t\t<div class=\"elementor-post__thumbnail\"><img decoding=\"async\" width=\"1920\" height=\"1080\" src=\"https:\/\/techmoney.ai\/wp-content\/uploads\/2025\/06\/upskill-platform-8.jpg\" class=\"attachment-full size-full wp-image-2173\" alt=\"\" srcset=\"https:\/\/techmoney.ai\/wp-content\/uploads\/2025\/06\/upskill-platform-8.jpg 1920w, https:\/\/techmoney.ai\/wp-content\/uploads\/2025\/06\/upskill-platform-8-300x169.jpg 300w, https:\/\/techmoney.ai\/wp-content\/uploads\/2025\/06\/upskill-platform-8-1024x576.jpg 1024w, https:\/\/techmoney.ai\/wp-content\/uploads\/2025\/06\/upskill-platform-8-768x432.jpg 768w, https:\/\/techmoney.ai\/wp-content\/uploads\/2025\/06\/upskill-platform-8-1536x864.jpg 1536w, https:\/\/techmoney.ai\/wp-content\/uploads\/2025\/06\/upskill-platform-8-18x10.jpg 18w\" sizes=\"(max-width: 1920px) 100vw, 1920px\" \/><\/div>\n\t\t<\/a>\n\t\t\t\t<div class=\"elementor-post__text\">\n\t\t\t\t<h3 class=\"elementor-post__title\">\n\t\t\t<a href=\"https:\/\/techmoney.ai\/en\/mentoria-inteligente-a-revolucao-da-ia-no-desenvolvimento-de-lideres-2\/\" >\n\t\t\t\tMentoria Inteligente: A Revolu\u00e7\u00e3o da IA no Desenvolvimento de L\u00edderes\t\t\t<\/a>\n\t\t<\/h3>\n\t\t\t\t<div class=\"elementor-post__excerpt\">\n\t\t\t<p>Cases de sucesso Desenvolver l\u00edderes e equipes de forma assertiva, escal\u00e1vel e acess\u00edvel sempre foi um desafio para as empresas. Com a evolu\u00e7\u00e3o da tecnologia,<\/p>\n\t\t<\/div>\n\t\t\n\t\t<a class=\"elementor-post__read-more\" href=\"https:\/\/techmoney.ai\/en\/mentoria-inteligente-a-revolucao-da-ia-no-desenvolvimento-de-lideres-2\/\" aria-label=\"Read more about Mentoria Inteligente: A Revolu\u00e7\u00e3o da IA no Desenvolvimento de L\u00edderes\" tabindex=\"-1\" >\n\t\t\tLeia mais \u00bb\t\t<\/a>\n\n\t\t\t\t<\/div>\n\t\t\t\t<\/article>\n\t\t\t\t<article class=\"elementor-post elementor-grid-item post-2259 post type-post status-publish format-standard has-post-thumbnail hentry category-cases\">\n\t\t\t\t<a class=\"elementor-post__thumbnail__link\" href=\"https:\/\/techmoney.ai\/en\/revolucao-tecnologica-impactante-na-pandemia\/\" tabindex=\"-1\" >\n\t\t\t<div class=\"elementor-post__thumbnail\"><img decoding=\"async\" width=\"1920\" height=\"1080\" src=\"https:\/\/techmoney.ai\/wp-content\/uploads\/2023\/08\/banner-case-derosemeditation.png\" class=\"attachment-full size-full wp-image-1641\" alt=\"\" srcset=\"https:\/\/techmoney.ai\/wp-content\/uploads\/2023\/08\/banner-case-derosemeditation.png 1920w, https:\/\/techmoney.ai\/wp-content\/uploads\/2023\/08\/banner-case-derosemeditation-300x169.png 300w, https:\/\/techmoney.ai\/wp-content\/uploads\/2023\/08\/banner-case-derosemeditation-1024x576.png 1024w, https:\/\/techmoney.ai\/wp-content\/uploads\/2023\/08\/banner-case-derosemeditation-768x432.png 768w, https:\/\/techmoney.ai\/wp-content\/uploads\/2023\/08\/banner-case-derosemeditation-1536x864.png 1536w\" sizes=\"(max-width: 1920px) 100vw, 1920px\" \/><\/div>\n\t\t<\/a>\n\t\t\t\t<div class=\"elementor-post__text\">\n\t\t\t\t<h3 class=\"elementor-post__title\">\n\t\t\t<a href=\"https:\/\/techmoney.ai\/en\/revolucao-tecnologica-impactante-na-pandemia\/\" >\n\t\t\t\tImpactful Technological Revolution Amid the Pandemic.\t\t\t<\/a>\n\t\t<\/h3>\n\t\t\t\t<div class=\"elementor-post__excerpt\">\n\t\t\t<p>Cases de sucesso Desafio Garantir a continuidade de um neg\u00f3cio global de Medita\u00e7\u00e3o e Mindfulness com aulas presenciais ao redor do mundo todo. Com mais<\/p>\n\t\t<\/div>\n\t\t\n\t\t<a class=\"elementor-post__read-more\" href=\"https:\/\/techmoney.ai\/en\/revolucao-tecnologica-impactante-na-pandemia\/\" aria-label=\"Read more about Revolu\u00e7\u00e3o tecnol\u00f3gica impactante na pandemia.\" tabindex=\"-1\" >\n\t\t\tLeia mais \u00bb\t\t<\/a>\n\n\t\t\t\t<\/div>\n\t\t\t\t<\/article>\n\t\t\t\t<\/div>\n\t\t\n\t\t\t\t\t\t<\/div>\n\t\t\t\t<\/div>\n\t\t\t\t\t<\/div>\n\t\t\t\t<\/div>\n\t\t\t\t<\/div>","protected":false},"excerpt":{"rendered":"<p>CASES<\/p>","protected":false},"author":4,"featured_media":0,"parent":0,"menu_order":0,"comment_status":"closed","ping_status":"closed","template":"","meta":{"footnotes":""},"class_list":["post-2322","page","type-page","status-publish","hentry"],"yoast_head":"<!-- This site is optimized with the Yoast SEO Premium plugin v23.0 (Yoast SEO v23.0) - https:\/\/yoast.com\/wordpress\/plugins\/seo\/ -->\n<title>Cases - techmoney.ai<\/title>\n<meta name=\"robots\" content=\"index, follow, max-snippet:-1, max-image-preview:large, max-video-preview:-1\" \/>\n<link rel=\"canonical\" href=\"https:\/\/techmoney.ai\/en\/cases\/\" \/>\n<meta property=\"og:locale\" content=\"en_US\" \/>\n<meta property=\"og:type\" content=\"article\" \/>\n<meta property=\"og:title\" content=\"Cases\" \/>\n<meta property=\"og:description\" content=\"CASES\" \/>\n<meta property=\"og:url\" content=\"https:\/\/techmoney.ai\/en\/cases\/\" \/>\n<meta property=\"og:site_name\" content=\"techmoney.ai\" \/>\n<meta property=\"article:modified_time\" content=\"2025-08-19T10:09:58+00:00\" \/>\n<meta name=\"twitter:card\" content=\"summary_large_image\" \/>\n<meta name=\"twitter:label1\" content=\"Est. reading time\" \/>\n\t<meta name=\"twitter:data1\" content=\"2 minutes\" \/>\n<script type=\"application\/ld+json\" class=\"yoast-schema-graph\">{\"@context\":\"https:\/\/schema.org\",\"@graph\":[{\"@type\":\"WebPage\",\"@id\":\"https:\/\/techmoney.ai\/br\/cases\/\",\"url\":\"https:\/\/techmoney.ai\/br\/cases\/\",\"name\":\"Cases - techmoney.ai\",\"isPartOf\":{\"@id\":\"https:\/\/techmoney.ai\/br\/#website\"},\"datePublished\":\"2025-08-19T10:08:59+00:00\",\"dateModified\":\"2025-08-19T10:09:58+00:00\",\"breadcrumb\":{\"@id\":\"https:\/\/techmoney.ai\/br\/cases\/#breadcrumb\"},\"inLanguage\":\"en-US\",\"potentialAction\":[{\"@type\":\"ReadAction\",\"target\":[\"https:\/\/techmoney.ai\/br\/cases\/\"]}]},{\"@type\":\"BreadcrumbList\",\"@id\":\"https:\/\/techmoney.ai\/br\/cases\/#breadcrumb\",\"itemListElement\":[{\"@type\":\"ListItem\",\"position\":1,\"name\":\"Home\",\"item\":\"https:\/\/techmoney.ai\/\"},{\"@type\":\"ListItem\",\"position\":2,\"name\":\"Cases\"}]},{\"@type\":\"WebSite\",\"@id\":\"https:\/\/techmoney.ai\/br\/#website\",\"url\":\"https:\/\/techmoney.ai\/br\/\",\"name\":\"techmoney.ai\",\"description\":\"Artificial Intelligence | Digital Transformation | Mobile &amp; Cloud Solutions | Omnichannel\",\"publisher\":{\"@id\":\"https:\/\/techmoney.ai\/br\/#organization\"},\"potentialAction\":[{\"@type\":\"SearchAction\",\"target\":{\"@type\":\"EntryPoint\",\"urlTemplate\":\"https:\/\/techmoney.ai\/br\/?s={search_term_string}\"},\"query-input\":\"required name=search_term_string\"}],\"inLanguage\":\"en-US\"},{\"@type\":\"Organization\",\"@id\":\"https:\/\/techmoney.ai\/br\/#organization\",\"name\":\"techmoney.ai\",\"url\":\"https:\/\/techmoney.ai\/br\/\",\"logo\":{\"@type\":\"ImageObject\",\"inLanguage\":\"en-US\",\"@id\":\"https:\/\/techmoney.ai\/br\/#\/schema\/logo\/image\/\",\"url\":\"https:\/\/techmoney.ai\/wp-content\/uploads\/2023\/06\/techmoney-logo.png\",\"contentUrl\":\"https:\/\/techmoney.ai\/wp-content\/uploads\/2023\/06\/techmoney-logo.png\",\"width\":1137,\"height\":314,\"caption\":\"techmoney.ai\"},\"image\":{\"@id\":\"https:\/\/techmoney.ai\/br\/#\/schema\/logo\/image\/\"}}]}<\/script>\n<!-- \/ Yoast SEO Premium plugin. -->","yoast_head_json":{"title":"Cases - techmoney.ai","robots":{"index":"index","follow":"follow","max-snippet":"max-snippet:-1","max-image-preview":"max-image-preview:large","max-video-preview":"max-video-preview:-1"},"canonical":"https:\/\/techmoney.ai\/en\/cases\/","og_locale":"en_US","og_type":"article","og_title":"Cases","og_description":"CASES","og_url":"https:\/\/techmoney.ai\/en\/cases\/","og_site_name":"techmoney.ai","article_modified_time":"2025-08-19T10:09:58+00:00","twitter_card":"summary_large_image","twitter_misc":{"Est. reading time":"2 minutes"},"schema":{"@context":"https:\/\/schema.org","@graph":[{"@type":"WebPage","@id":"https:\/\/techmoney.ai\/br\/cases\/","url":"https:\/\/techmoney.ai\/br\/cases\/","name":"Cases - techmoney.ai","isPartOf":{"@id":"https:\/\/techmoney.ai\/br\/#website"},"datePublished":"2025-08-19T10:08:59+00:00","dateModified":"2025-08-19T10:09:58+00:00","breadcrumb":{"@id":"https:\/\/techmoney.ai\/br\/cases\/#breadcrumb"},"inLanguage":"en-US","potentialAction":[{"@type":"ReadAction","target":["https:\/\/techmoney.ai\/br\/cases\/"]}]},{"@type":"BreadcrumbList","@id":"https:\/\/techmoney.ai\/br\/cases\/#breadcrumb","itemListElement":[{"@type":"ListItem","position":1,"name":"Home","item":"https:\/\/techmoney.ai\/"},{"@type":"ListItem","position":2,"name":"Cases"}]},{"@type":"WebSite","@id":"https:\/\/techmoney.ai\/br\/#website","url":"https:\/\/techmoney.ai\/br\/","name":"techmoney.ai","description":"Artificial Intelligence | Digital Transformation | Mobile &amp; Cloud Solutions | Omnichannel","publisher":{"@id":"https:\/\/techmoney.ai\/br\/#organization"},"potentialAction":[{"@type":"SearchAction","target":{"@type":"EntryPoint","urlTemplate":"https:\/\/techmoney.ai\/br\/?s={search_term_string}"},"query-input":"required name=search_term_string"}],"inLanguage":"en-US"},{"@type":"Organization","@id":"https:\/\/techmoney.ai\/br\/#organization","name":"techmoney.ai","url":"https:\/\/techmoney.ai\/br\/","logo":{"@type":"ImageObject","inLanguage":"en-US","@id":"https:\/\/techmoney.ai\/br\/#\/schema\/logo\/image\/","url":"https:\/\/techmoney.ai\/wp-content\/uploads\/2023\/06\/techmoney-logo.png","contentUrl":"https:\/\/techmoney.ai\/wp-content\/uploads\/2023\/06\/techmoney-logo.png","width":1137,"height":314,"caption":"techmoney.ai"},"image":{"@id":"https:\/\/techmoney.ai\/br\/#\/schema\/logo\/image\/"}}]}},"_links":{"self":[{"href":"https:\/\/techmoney.ai\/en\/wp-json\/wp\/v2\/pages\/2322","targetHints":{"allow":["GET"]}}],"collection":[{"href":"https:\/\/techmoney.ai\/en\/wp-json\/wp\/v2\/pages"}],"about":[{"href":"https:\/\/techmoney.ai\/en\/wp-json\/wp\/v2\/types\/page"}],"author":[{"embeddable":true,"href":"https:\/\/techmoney.ai\/en\/wp-json\/wp\/v2\/users\/4"}],"replies":[{"embeddable":true,"href":"https:\/\/techmoney.ai\/en\/wp-json\/wp\/v2\/comments?post=2322"}],"version-history":[{"count":4,"href":"https:\/\/techmoney.ai\/en\/wp-json\/wp\/v2\/pages\/2322\/revisions"}],"predecessor-version":[{"id":2326,"href":"https:\/\/techmoney.ai\/en\/wp-json\/wp\/v2\/pages\/2322\/revisions\/2326"}],"wp:attachment":[{"href":"https:\/\/techmoney.ai\/en\/wp-json\/wp\/v2\/media?parent=2322"}],"curies":[{"name":"wp","href":"https:\/\/api.w.org\/{rel}","templated":true}]}}